{"id":1859,"date":"2022-05-30T08:34:03","date_gmt":"2022-05-30T08:34:03","guid":{"rendered":"http:\/\/hotelkaribe.it\/?page_id=1859"},"modified":"2023-05-08T19:18:29","modified_gmt":"2023-05-08T19:18:29","slug":"servizi-2","status":"publish","type":"page","link":"https:\/\/hotelkaribe.it\/?page_id=1859","title":{"rendered":"Servizi"},"content":{"rendered":"\n    \n    <section class=\"u-clearfix u-image u-shading u-section-2\" id=\"carousel_d899\" data-image-width=\"1600\" data-image-height=\"1200\" style=\"background-image: linear-gradient(0deg, rgba(0, 0, 0, 0.15), rgba(0, 0, 0, 0.15)), url(&quot;https:\/\/hotelkaribe.it\/wp-content\/uploads\/2022\/05\/IMG_41121-32.jpg&quot;);\">\n      <div class=\"u-clearfix u-sheet u-valign-middle-lg u-valign-middle-md u-valign-middle-sm u-valign-middle-xl u-valign-top-xs u-sheet-1\">\n        <div class=\"u-align-center u-border-6 u-border-white u-container-style u-expanded-width-xs u-group u-opacity u-opacity-15 u-group-1\">\n          <div class=\"u-container-layout u-valign-middle u-container-layout-1\">\n            <h6 class=\"u-custom-font u-text u-text-font u-text-1\">NEL CUORE DI BIBIONE<\/h6>\n            <h1 class=\"u-custom-font u-font-playfair-display u-text u-title u-text-2\"><b>Hotel Karibe<\/b>\n            <\/h1>\n          <\/div>\n        <\/div>\n      <\/div>\n    <\/section>\n    <section class=\"u-align-center u-clearfix u-white u-section-3\" id=\"carousel_cef2\">\n      <div class=\"u-clearfix u-sheet u-valign-middle u-sheet-1\">\n        <h2 class=\"u-custom-font u-font-montserrat u-text u-text-1\" data-animation-name=\"customAnimationIn\" data-animation-duration=\"1750\" data-animation-delay=\"250\" data-animation-out=\"0\">Alcuni Dei Nostri Servizi<\/h2>\n        <p class=\"u-text u-text-2\" data-animation-name=\"customAnimationIn\" data-animation-duration=\"1250\" data-animation-delay=\"250\" data-animation-out=\"0\">Alcuni dei servizi che vi offiramo per rendere il vostro soggiorno indimenticabile<\/p>\n        <div class=\"u-expanded-width u-list u-list-1\">\n          <div class=\"u-repeater u-repeater-1\">\n            <div class=\"u-align-center u-border-9 u-border-no-bottom u-border-no-left u-border-no-right u-border-palette-1-base u-container-style u-list-item u-radius-50 u-repeater-item u-shape-round u-white u-list-item-1\" data-animation-name=\"customAnimationIn\" data-animation-duration=\"1000\" data-animation-direction=\"X\" data-animation-delay=\"250\" data-animation-out=\"0\">\n              <div class=\"u-container-layout u-similar-container u-valign-top u-container-layout-1\">\n                <div class=\"u-image u-image-circle u-image-1\" data-image-width=\"1536\" data-image-height=\"2048\" style=\"background-image: url(&quot;https:\/\/hotelkaribe.it\/wp-content\/uploads\/2022\/05\/18768292_1571518716192514_715956634984963845_o.jpg&quot;);\"><\/div>\n                <h4 class=\"u-custom-font u-font-montserrat u-text u-text-default u-text-3\">Ristorante<\/h4>\n                <p class=\"u-text u-text-4\"> Servizio ristorante con possibilit\u00e0 di scelta di soggiorno comprensivo di mezza pensione o pensione completa.<\/p>\n              <\/div>\n            <\/div>\n            <div class=\"u-align-center u-border-9 u-border-no-bottom u-border-no-left u-border-no-right u-border-palette-1-base u-container-style u-list-item u-radius-50 u-repeater-item u-shape-round u-white u-list-item-2\" data-animation-name=\"customAnimationIn\" data-animation-duration=\"1000\" data-animation-direction=\"X\" data-animation-delay=\"250\" data-animation-out=\"0\">\n              <div class=\"u-container-layout u-similar-container u-valign-top u-container-layout-2\">\n                <div class=\"u-image u-image-circle u-image-2\" data-image-width=\"1152\" data-image-height=\"768\" style=\"background-image: url(&quot;https:\/\/hotelkaribe.it\/wp-content\/uploads\/2023\/04\/SAM_1894FILEminimizer.jpg&quot;);\"><\/div>\n                <h4 class=\"u-custom-font u-font-montserrat u-text u-text-default u-text-5\"> Noleggio Bici<\/h4>\n                <p class=\"u-text u-text-6\"> Possibilit\u00e0 di noleggio biciclette di propriet\u00e0 della nostra struttura. Per immergevi nelle innumerevoli piste ciclabili di Bibione.<\/p>\n              <\/div>\n            <\/div>\n            <div class=\"u-align-center u-border-9 u-border-no-bottom u-border-no-left u-border-no-right u-border-palette-1-base u-container-style u-list-item u-radius-50 u-repeater-item u-shape-round u-white u-list-item-3\" data-animation-name=\"customAnimationIn\" data-animation-duration=\"1000\" data-animation-direction=\"X\" data-animation-delay=\"250\" data-animation-out=\"0\">\n              <div class=\"u-container-layout u-similar-container u-valign-top u-container-layout-3\">\n                <div class=\"u-image u-image-circle u-image-3\" data-image-width=\"750\" data-image-height=\"736\" style=\"background-image: url(&quot;https:\/\/hotelkaribe.it\/wp-content\/uploads\/2022\/05\/IMG_1962.jpg&quot;);\"><\/div>\n                <h4 class=\"u-custom-font u-font-montserrat u-text u-text-default u-text-7\">Bar<\/h4>\n                <p class=\"u-text u-text-8\"> Il nostro Bar durante la giornata o nelle ore serali, vi permetter\u00e0 di godervi un gelato, un&nbsp;aperitivo&nbsp;o un&nbsp;drink&nbsp;nella nostra&nbsp;terrazza esterna: oltre a sorseggiare i freschi cocktail preparati dai nostri Barman e accompagnati da appetitosi stuzzichini, potrete godere di una delle pi\u00f9 suggestive viste della spiaggia di Bibione.<\/p>\n              <\/div>\n            <\/div>\n            <div class=\"u-align-center u-border-9 u-border-no-bottom u-border-no-left u-border-no-right u-border-palette-1-base u-container-style u-list-item u-radius-50 u-repeater-item u-shape-round u-white u-list-item-4\" data-animation-name=\"customAnimationIn\" data-animation-duration=\"1000\" data-animation-direction=\"X\" data-animation-delay=\"250\" data-animation-out=\"0\">\n              <div class=\"u-container-layout u-similar-container u-valign-top u-container-layout-4\">\n                <div class=\"u-image u-image-circle u-image-4\" data-image-width=\"1600\" data-image-height=\"1200\" style=\"background-image: url(&quot;https:\/\/hotelkaribe.it\/wp-content\/uploads\/2022\/05\/IMG_52451.jpg&quot;);\"><\/div>\n                <h4 class=\"u-custom-font u-font-montserrat u-text u-text-default u-text-9\">Spiaggia Privata<\/h4>\n                <p class=\"u-text u-text-10\"> Con una posizione davvero privilegiata e direttamente sul mare, l\u2019Hotel Karibe**mette a disposizione dei propri ospiti una spiaggia privata in cui passare le giornate in relax.<\/p>\n              <\/div>\n            <\/div>\n          <\/div>\n        <\/div>\n      <\/div>\n    <\/section>\n    <section class=\"u-align-center u-clearfix u-image u-shading u-section-4\" src=\"\" data-image-width=\"1600\" data-image-height=\"1200\" id=\"sec-120e\" style=\"background-image: linear-gradient(0deg, rgba(0, 0, 0, 0.5), rgba(0, 0, 0, 0.5)), url(&quot;https:\/\/hotelkaribe.it\/wp-content\/uploads\/2022\/05\/IMG_41121-37.jpg&quot;);\">\n      <div class=\"u-clearfix u-sheet u-valign-middle u-sheet-1\">\n        <h3 class=\"u-text u-text-1\">Contattaci<\/h3>\n        <div class=\"u-align-center u-form u-form-1\">\n                  <script>\n            function onSuccess(event) {\n                var msgContainer = jQuery(event.currentTarget).find('.wpcf7-response-output');\n                msgContainer.removeClass('u-form-send-error').addClass('u-form-send-message u-form-send-success');\n                msgContainer.show();\n                var redirectAddress = jQuery(event.currentTarget).find('[redirect-address]').attr('redirect-address');\n                if (redirectAddress) {\n                    setTimeout(function () {\n                        location.replace(redirectAddress);\n                    }, 2000);\n                }\n            }\n            function onError(event) {\n                var msgContainer = jQuery(event.currentTarget).find('.wpcf7-response-output');\n                msgContainer.removeClass('u-form-send-success').addClass('u-form-send-message u-form-send-error');\n                msgContainer.show();\n            }\n\n            jQuery('body')\n                .on('wpcf7mailsent',   '.u-form .wpcf7', onSuccess)\n                .on('wpcf7invalid',    '.u-form .wpcf7', onError)\n                .on('wpcf7:unaccepted', '.u-form .wpcf7', onError)\n                .on('wpcf7spam',       '.u-form .wpcf7', onError)\n                .on('wpcf7:aborted',    '.u-form .wpcf7', onError)\n                .on('wpcf7mailfailed', '.u-form .wpcf7', onError);\n        <\/script>\n        <style>\n            .u-form .wpcf7-response-output {\n                \/*position: relative !important;*\/\n                margin: 0 !important;\n                bottom: -70px!important;\n            }\n            .u-form .wpcf7 .ajax-loader {\n                margin-left: -24px;\n                margin-right: 0;\n            }\n        <\/style>\n\n<div class=\"wpcf7 no-js\" id=\"wpcf7-f1870-o1\" lang=\"it-IT\" dir=\"ltr\">\n<div class=\"screen-reader-response\"><p role=\"status\" aria-live=\"polite\" aria-atomic=\"true\"><\/p> <ul><\/ul><\/div>\n<form style=\"padding: 15px\" action=\"\/index.php?rest_route=%2Fwp%2Fv2%2Fpages%2F1859#wpcf7-f1870-o1\" method=\"post\" class=\"wpcf7-form init u-clearfix u-form-spacing-15 u-form-vertical u-inner-form u-form-custom-backend\" aria-label=\"Modulo di contatto\" novalidate=\"novalidate\" data-status=\"init\">\n<div style=\"display: none;\">\n<input type=\"hidden\" name=\"_wpcf7\" value=\"1870\" \/>\n<input type=\"hidden\" name=\"_wpcf7_version\" value=\"5.7.5.1\" \/>\n<input type=\"hidden\" name=\"_wpcf7_locale\" value=\"it_IT\" \/>\n<input type=\"hidden\" name=\"_wpcf7_unit_tag\" value=\"wpcf7-f1870-o1\" \/>\n<input type=\"hidden\" name=\"_wpcf7_container_post\" value=\"0\" \/>\n<input type=\"hidden\" name=\"_wpcf7_posted_data_hash\" value=\"\" \/>\n<\/div>\n\n            <div class=\"u-form-group wpcf7-form-control-wrap u-form-name u-label-none\">\n              <label for=\"name-3791\" class=\"u-label\">Name<\/label>\n              <input type=\"text\" placeholder=\"Nome\" id=\"name-3791\" name=\"name1\" class=\"u-border-grey-30 u-border-no-bottom u-border-no-left u-border-no-right u-border-no-top u-input wpcf7-form-control u-input-rectangle u-white\" required=\"\">\n            <\/div>\n            <div class=\"u-form-email u-form-group wpcf7-form-control-wrap u-label-none\">\n              <label for=\"email-3791\" class=\"u-label\">Email<\/label>\n              <input type=\"email\" placeholder=\"Email\" id=\"email-3791\" name=\"email\" class=\"u-border-grey-30 u-border-no-bottom u-border-no-left u-border-no-right u-border-no-top u-input wpcf7-form-control u-input-rectangle u-white\" required=\"\">\n            <\/div>\n            <div class=\"u-form-group wpcf7-form-control-wrap u-form-message u-label-none\">\n              <label for=\"message-3791\" class=\"u-label\">Message<\/label>\n              <textarea placeholder=\"Testo\" rows=\"4\" cols=\"50\" id=\"message-3791\" name=\"message\" class=\"u-border-grey-30 u-border-no-bottom u-border-no-left u-border-no-right u-border-no-top u-input wpcf7-form-control u-input-rectangle u-white\" required=\"\"><\/textarea>\n            <\/div>\n            <div class=\"u-align-left u-form-group wpcf7-form-control-wrap u-form-submit wpcf7-form-control u-form-group wpcf7-form-control-wrap-4\">\n              <a href=\"#\" class=\"u-active-palette-1-base u-border-none u-btn u-btn-round u-btn-submit wpcf7-submit u-button-style u-hover-palette-1-base u-radius-3 u-btn-1\">INVIO<\/a>\n              <input type=\"submit\" value=\"submit\" class=\"u-form-control-hidden\">\n            <\/div>\n            <div class=\"u-form-send-message u-form-send-success\">#FormSendSuccess<\/div>\n            <div class=\"u-form-send-error u-form-send-message\">#FormSendError<\/div>\n            <input type=\"hidden\" value=\"\" name=\"recaptchaResponse\">\n          <input type=\"hidden\" name=\"_contact7_backend\" value=\"1\"><div class=\"wpcf7-response-output\" aria-hidden=\"true\"><\/div>\n<\/form>\n<\/div>\n\n        <\/div>\n      <\/div>\n    <\/section>\n    \n    \n  \n","protected":false},"excerpt":{"rendered":"<p>NEL CUORE DI BIBIONE Hotel Karibe Alcuni Dei Nostri Servizi Alcuni dei servizi che vi offiramo per rendere il vostro soggiorno indimenticabile Ristorante Servizio ristorante con possibilit\u00e0 di scelta di soggiorno comprensivo di mezza pensione o pensione completa. Noleggio Bici Possibilit\u00e0 di noleggio biciclette di propriet\u00e0 della nostra struttura. Per immergevi nelle innumerevoli piste ciclabili &hellip; <a href=\"https:\/\/hotelkaribe.it\/?page_id=1859\" class=\"more-link\">Continue reading<span class=\"screen-reader-text\"> &#8220;Servizi&#8221;<\/span><\/a><\/p>\n","protected":false},"author":1,"featured_media":0,"parent":0,"menu_order":7,"comment_status":"closed","ping_status":"closed","template":"","meta":[],"_links":{"self":[{"href":"https:\/\/hotelkaribe.it\/index.php?rest_route=\/wp\/v2\/pages\/1859"}],"collection":[{"href":"https:\/\/hotelkaribe.it\/index.php?rest_route=\/wp\/v2\/pages"}],"about":[{"href":"https:\/\/hotelkaribe.it\/index.php?rest_route=\/wp\/v2\/types\/page"}],"author":[{"embeddable":true,"href":"https:\/\/hotelkaribe.it\/index.php?rest_route=\/wp\/v2\/users\/1"}],"replies":[{"embeddable":true,"href":"https:\/\/hotelkaribe.it\/index.php?rest_route=%2Fwp%2Fv2%2Fcomments&post=1859"}],"version-history":[{"count":2,"href":"https:\/\/hotelkaribe.it\/index.php?rest_route=\/wp\/v2\/pages\/1859\/revisions"}],"predecessor-version":[{"id":1961,"href":"https:\/\/hotelkaribe.it\/index.php?rest_route=\/wp\/v2\/pages\/1859\/revisions\/1961"}],"wp:attachment":[{"href":"https:\/\/hotelkaribe.it\/index.php?rest_route=%2Fwp%2Fv2%2Fmedia&parent=1859"}],"curies":[{"name":"wp","href":"https:\/\/api.w.org\/{rel}","templated":true}]}}