{"id":1858,"date":"2022-05-30T08:34:02","date_gmt":"2022-05-30T08:34:02","guid":{"rendered":"http:\/\/hotelkaribe.it\/?page_id=1858"},"modified":"2022-05-30T10:14:19","modified_gmt":"2022-05-30T10:14:19","slug":"dintorni-2","status":"publish","type":"page","link":"https:\/\/hotelkaribe.it\/?page_id=1858","title":{"rendered":"Dintorni"},"content":{"rendered":"\n    \n    <section class=\"u-clearfix u-image u-shading u-section-2\" id=\"sec-30b3\" data-image-width=\"1600\" data-image-height=\"1200\" style=\"background-image: linear-gradient(0deg, rgba(0, 0, 0, 0.15), rgba(0, 0, 0, 0.15)), url(&quot;https:\/\/hotelkaribe.it\/wp-content\/uploads\/2022\/05\/IMG_411215.jpg&quot;);\">\n      <div class=\"u-clearfix u-sheet u-valign-middle-lg u-valign-middle-md u-valign-middle-sm u-valign-middle-xl u-valign-top-xs u-sheet-1\">\n        <div class=\"u-align-center u-border-6 u-border-white u-container-style u-expanded-width-xs u-group u-opacity u-opacity-15 u-group-1\">\n          <div class=\"u-container-layout u-valign-middle u-container-layout-1\">\n            <h6 class=\"u-custom-font u-text u-text-font u-text-1\">NEL CUORE DI BIBIONE<\/h6>\n            <h1 class=\"u-custom-font u-font-playfair-display u-text u-title u-text-2\"><b>Hotel Karibe<\/b>\n            <\/h1>\n          <\/div>\n        <\/div>\n      <\/div>\n    <\/section>\n    <section class=\"u-align-center u-clearfix u-section-3\" id=\"sec-80c7\">\n      <div class=\"u-clearfix u-sheet u-sheet-1\">\n        <h5 class=\"u-text u-text-default u-text-1\">HOTEL KARIBE<\/h5>\n        <h1 class=\"u-text u-text-default u-text-2\">Dintorni<\/h1>\n        <p class=\"u-text u-text-3\"> Bibione&nbsp;\u00e8 sinonimo di lunghe&nbsp;spiagge dorate,&nbsp;mare pulito,&nbsp;verdi pinete, ed ecco perch\u00e9 da molti anni questa localit\u00e0 balneare \u00e8&nbsp;Bandiera Blu Europea.La citt\u00e0 \u00e8 la meta ideale per trascorrere momenti di&nbsp;svago&nbsp;e&nbsp;relax, offre infatti locali e attivit\u00e0 per tutte le et\u00e0 e tutti i gusti, senza dimenticare che a pochi chilometri si trova l\u2019imperdibile&nbsp;outlet&nbsp;di Noventa di Piave, che tratta tutti i marchi pi\u00f9&nbsp;prestigiosi.Molto interessanti anche le numerose&nbsp;manifestazioni&nbsp;e iniziative organizzate nelle&nbsp;piazze all\u2019aperto&nbsp;di Bibione dall\u2019amministrazione locale durante l\u2019estate.<\/p>\n      <\/div>\n    <\/section>\n    <section class=\"u-clearfix u-section-4\" id=\"carousel_911a\">\n      <div class=\"u-clearfix u-sheet u-sheet-1\">\n        <div class=\"u-clearfix u-expanded-width u-gutter-30 u-layout-wrap u-layout-wrap-1\">\n          <div class=\"u-gutter-0 u-layout\">\n            <div class=\"u-layout-row\">\n              <div class=\"u-size-19 u-size-30-md\">\n                <div class=\"u-layout-row\">\n                  <div class=\"u-container-style u-image u-layout-cell u-left-cell u-size-60 u-image-1\" data-image-width=\"550\" data-image-height=\"450\" style=\"background-image: url(&quot;https:\/\/hotelkaribe.it\/wp-content\/uploads\/2022\/05\/venezia-1570777493606.jpg-550x450-1.jpg&quot;);\">\n                    <div class=\"u-container-layout\"><\/div>\n                  <\/div>\n                <\/div>\n              <\/div>\n              <div class=\"u-size-15 u-size-30-md\">\n                <div class=\"u-layout-col\">\n                  <div class=\"u-container-style u-layout-cell u-size-30 u-layout-cell-2\">\n                    <div class=\"u-container-layout u-container-layout-2\">\n                      <img class=\"u-expanded u-image u-image-2\" src=\"https:\/\/hotelkaribe.it\/wp-content\/uploads\/2022\/05\/Treviso-550x450-43.jpg\" data-image-width=\"550\" data-image-height=\"450\">\n                    <\/div>\n                  <\/div>\n                  <div class=\"u-align-left u-container-style u-layout-cell u-size-30 u-layout-cell-3\">\n                    <div class=\"u-container-layout\">\n                      <img class=\"u-absolute-hcenter-md u-absolute-hcenter-sm u-absolute-hcenter-xs u-expanded u-image u-image-3\" src=\"https:\/\/hotelkaribe.it\/wp-content\/uploads\/2022\/05\/Mulini-Portogruaro-FILEminimizer-550x450-1.jpg\" data-image-width=\"550\" data-image-height=\"450\">\n                    <\/div>\n                  <\/div>\n                <\/div>\n              <\/div>\n              <div class=\"u-size-26 u-size-60-md\">\n                <div class=\"u-layout-row\">\n                  <div class=\"u-align-center u-container-style u-layout-cell u-right-cell u-size-60 u-layout-cell-4\">\n                    <div class=\"u-container-layout u-container-layout-4\">\n                      <h1 class=\"u-text u-text-1\">Perch\u00e9 scegliere Bibione<\/h1>\n                      <p class=\"u-align-center u-large-text u-text u-text-variant u-text-2\"> Bibione \u00e8 la meta ideale per trascorrere momenti di svago e relax, offre infatti locali e attivit\u00e0 per tutte le et\u00e0 e tutti i gusti, senza dimenticare che a pochi chilometri si trova l\u2019imperdibile outlet di Noventa di Piave, che tratta tutti i marchi pi\u00f9 prestigiosi.<br>\n                        <br>Molto interessanti anche le numerose manifestazioni e iniziative organizzate nelle piazze all\u2019aperto di Bibione dall\u2019amministrazione locale durante l\u2019estate.<br>\n                        <br>Per gli amanti dello sport potranno continuare a praticare le attivit\u00e0 preferite anche in vacanza, dato che a Bibione non mancano di certo le strutture dedicate a numerosi sport.<br>\n                      <\/p>\n                    <\/div>\n                  <\/div>\n                <\/div>\n              <\/div>\n            <\/div>\n          <\/div>\n        <\/div>\n      <\/div>\n    <\/section>\n    <section class=\"u-clearfix u-section-5\" id=\"sec-4d28\">\n      <div class=\"u-clearfix u-sheet u-sheet-1\">\n        <div class=\"u-clearfix u-expanded-width u-layout-wrap u-layout-wrap-1\">\n          <div class=\"u-layout\">\n            <div class=\"u-layout-col\">\n              <div class=\"u-size-30\">\n                <div class=\"u-layout-row\">\n                  <div class=\"u-align-left u-container-style u-layout-cell u-left-cell u-size-20 u-layout-cell-1\">\n                    <div class=\"u-container-layout u-valign-middle u-container-layout-1\">\n                      <h3 class=\"u-text u-text-1\">Bibione e la sua Spiaggia<\/h3>\n                      <p class=\"u-text u-text-2\"> La lunghezza di quindici chilometri dell\u2019arenile con sabbia dal tipico colore ambrato di origini dolomitiche rappresenta a livello nazionale una unicit\u00e0.<\/p>\n                    <\/div>\n                  <\/div>\n                  <div class=\"u-container-style u-layout-cell u-size-20 u-layout-cell-2\">\n                    <div class=\"u-container-layout\">\n                      <img alt=\"\" class=\"u-absolute-hcenter-md u-absolute-hcenter-sm u-absolute-hcenter-xs u-align-left u-expanded u-image u-image-1\" data-image-width=\"550\" data-image-height=\"450\" src=\"https:\/\/hotelkaribe.it\/wp-content\/uploads\/2022\/05\/3_705_pista-faro-bibione-003-jpg-550x450-1.jpg\" data-animation-name=\"customAnimationIn\" data-animation-duration=\"2000\" data-animation-out=\"0\">\n                    <\/div>\n                  <\/div>\n                  <div class=\"u-align-left u-container-style u-layout-cell u-right-cell u-size-20 u-layout-cell-3\">\n                    <div class=\"u-container-layout u-valign-middle u-container-layout-3\">\n                      <h3 class=\"u-text u-text-3\">Bibione e la sua posizione strategica<\/h3>\n                      <p class=\"u-text u-text-4\"> In pochi minuti, tramite la motonave, si possono raggiungere Venezia, Murano, Burano e Torcello.<\/p>\n                    <\/div>\n                  <\/div>\n                <\/div>\n              <\/div>\n              <div class=\"u-size-30\">\n                <div class=\"u-layout-row\">\n                  <div class=\"u-container-style u-layout-cell u-left-cell u-size-20 u-layout-cell-4\">\n                    <div class=\"u-container-layout\">\n                      <img alt=\"\" class=\"u-absolute-hcenter-md u-absolute-hcenter-sm u-absolute-hcenter-xs u-align-left u-expanded u-image u-right-0 u-image-2\" data-image-width=\"550\" data-image-height=\"390\" src=\"https:\/\/hotelkaribe.it\/wp-content\/uploads\/2022\/05\/ciclabile-Bibione-Faro-550x390-1.jpg\" data-animation-name=\"customAnimationIn\" data-animation-duration=\"1000\" data-animation-direction=\"X\" data-animation-out=\"0\">\n                    <\/div>\n                  <\/div>\n                  <div class=\"u-align-left u-container-style u-layout-cell u-size-20 u-layout-cell-5\">\n                    <div class=\"u-container-layout u-valign-middle u-container-layout-5\">\n                      <h3 class=\"u-text u-text-5\">Bibione per lo sport ed il divertimento<\/h3>\n                      <p class=\"u-text u-text-6\"> La spiccata vivacit\u00e0 culturale della citt\u00e0 si riflette nel ricco calendario annuale di eventi, mostre, manifestazioni.<\/p>\n                    <\/div>\n                  <\/div>\n                  <div class=\"u-container-style u-layout-cell u-right-cell u-size-20 u-layout-cell-6\">\n                    <div class=\"u-container-layout\">\n                      <img alt=\"\" class=\"u-absolute-hcenter-md u-absolute-hcenter-sm u-absolute-hcenter-xs u-align-left u-expanded u-image u-right-0 u-image-3\" data-image-width=\"550\" data-image-height=\"450\" src=\"https:\/\/hotelkaribe.it\/wp-content\/uploads\/2022\/05\/Codroipo01-scaled-550x450-1.jpg\" data-animation-name=\"customAnimationIn\" data-animation-duration=\"1000\" data-animation-out=\"0\">\n                    <\/div>\n                  <\/div>\n                <\/div>\n              <\/div>\n            <\/div>\n          <\/div>\n        <\/div>\n      <\/div>\n    <\/section>\n    <section class=\"u-align-center u-clearfix u-section-6\" id=\"sec-ff54\">\n      <div class=\"u-clearfix u-sheet u-valign-middle-lg u-valign-middle-xl u-sheet-1\">\n        <h1 class=\"u-text u-text-default-lg u-text-default-md u-text-default-sm u-text-default-xl u-text-1\">Alcuni dei nostri itinerari turistici<\/h1>\n      <\/div>\n    <\/section>\n    <section id=\"carousel_63c7\" class=\"u-carousel u-slide u-block-9e2f-1\" data-u-ride=\"carousel\" data-interval=\"5000\">\n      <ol class=\"u-absolute-hcenter u-carousel-indicators u-block-9e2f-2\">\n        <li data-u-target=\"#carousel_63c7\" class=\"u-active u-grey-30\" data-u-slide-to=\"0\"><\/li>\n        <li data-u-target=\"#carousel_63c7\" class=\"u-grey-30\" data-u-slide-to=\"1\"><\/li>\n        <li data-u-target=\"#carousel_63c7\" class=\"u-grey-30\" data-u-slide-to=\"2\"><\/li>\n        <li data-u-target=\"#carousel_63c7\" class=\"u-grey-30\" data-u-slide-to=\"3\"><\/li>\n      <\/ol>\n      <div class=\"u-carousel-inner\" role=\"listbox\">\n        <div class=\"u-active u-carousel-item u-clearfix u-section-7-1\">\n          <div class=\"u-clearfix u-sheet u-sheet-1\">\n            <div class=\"u-clearfix u-expanded-width u-gutter-10 u-layout-wrap u-layout-wrap-1\">\n              <div class=\"u-layout\" style=\"\">\n                <div class=\"u-layout-row\" style=\"\">\n                  <div class=\"u-align-left u-container-style u-image u-layout-cell u-left-cell u-size-30 u-size-xs-60 u-image-1\" src=\"\" data-image-width=\"1024\" data-image-height=\"622\" style=\"background-image: url(&quot;https:\/\/hotelkaribe.it\/wp-content\/uploads\/2022\/05\/bibione-04.jpg&quot;);\">\n                    <div class=\"u-container-layout u-valign-middle u-container-layout-1\" src=\"\"><\/div>\n                  <\/div>\n                  <div class=\"u-align-left u-container-style u-layout-cell u-right-cell u-size-30 u-size-xs-60 u-white u-layout-cell-2\">\n                    <div class=\"u-container-layout u-container-layout-2\">\n                      <h2 class=\"u-custom-font u-font-oswald u-text u-text-1\">ITINERARI NATURALISTICI<\/h2>\n                      <p class=\"u-text u-text-2\"> Un interessante modo per visitare&nbsp;Bibione&nbsp;da un\u2019altra prospettiva \u00e8 sicuramente via mare, con le numerose escursioni organizzate a bordo di&nbsp;batteli&nbsp;e&nbsp;motonavi. Scoprirete cos\u00ec le&nbsp;lagune&nbsp;e le&nbsp;valli storiche, luoghi un tempo frequentati da Ernst Hemingway.<\/p>\n                    <\/div>\n                  <\/div>\n                <\/div>\n              <\/div>\n            <\/div>\n          <\/div>\n        <\/div>\n        <div class=\"u-carousel-item u-clearfix u-section-7-2\">\n          <div class=\"u-clearfix u-sheet u-sheet-1\">\n            <div class=\"u-clearfix u-expanded-width u-gutter-10 u-layout-wrap u-layout-wrap-1\">\n              <div class=\"u-layout\" style=\"\">\n                <div class=\"u-layout-row\" style=\"\">\n                  <div class=\"u-align-left u-container-style u-image u-layout-cell u-left-cell u-size-30 u-size-xs-60 u-image-1\" src=\"\" data-image-width=\"768\" data-image-height=\"511\" style=\"background-image: url(&quot;https:\/\/hotelkaribe.it\/wp-content\/uploads\/2022\/05\/ENOTURISMO.jpeg&quot;);\">\n                    <div class=\"u-container-layout u-valign-middle u-container-layout-1\" src=\"\"><\/div>\n                  <\/div>\n                  <div class=\"u-align-left u-container-style u-layout-cell u-right-cell u-size-30 u-size-xs-60 u-white u-layout-cell-2\">\n                    <div class=\"u-container-layout u-container-layout-2\">\n                      <h2 class=\"u-custom-font u-font-oswald u-text u-text-1\">ITINERARI ENOTURISTICI<\/h2>\n                      <p class=\"u-text u-text-2\"> Il territorio del Veneto Orientale, in particolare l\u2019area DOC Lison-Pramaggiore, offre molteplici itinerari, tra le zone campestri caratterizzate dai vigneti e le antiche&nbsp;<a title=\"itinerari storici Veneto, citt\u00e0 d'arte e monumenti\" href=\"http:\/\/www.hotel-montreal.it\/itinerari-storici.php\" class=\"u-active-none u-border-none u-btn u-button-style u-hover-none u-none u-text-palette-1-base u-btn-1\">citt\u00e0 storiche<\/a>, cariche di fascino e cultura. \n                      <\/p>\n                    <\/div>\n                  <\/div>\n                <\/div>\n              <\/div>\n            <\/div>\n          <\/div>\n        <\/div>\n        <div class=\"u-carousel-item u-clearfix u-section-7-3\">\n          <div class=\"u-clearfix u-sheet u-sheet-1\">\n            <div class=\"u-clearfix u-expanded-width u-gutter-10 u-layout-wrap u-layout-wrap-1\">\n              <div class=\"u-layout\" style=\"\">\n                <div class=\"u-layout-row\" style=\"\">\n                  <div class=\"u-align-left u-container-style u-image u-layout-cell u-left-cell u-size-30 u-size-xs-60 u-image-1\" src=\"\" data-image-width=\"550\" data-image-height=\"450\" style=\"background-image: url(&quot;https:\/\/hotelkaribe.it\/wp-content\/uploads\/2022\/05\/Treviso-550x450-52.jpg&quot;);\">\n                    <div class=\"u-container-layout u-valign-middle u-container-layout-1\" src=\"\"><\/div>\n                  <\/div>\n                  <div class=\"u-align-left u-container-style u-layout-cell u-right-cell u-size-30 u-size-xs-60 u-white u-layout-cell-2\">\n                    <div class=\"u-container-layout u-container-layout-2\">\n                      <h2 class=\"u-custom-font u-font-oswald u-text u-text-1\">ITINERARI STORICI<\/h2>\n                      <p class=\"u-text u-text-2\"> Il&nbsp;Veneto, culla d\u2019arte e di storia, ospita le famose citt\u00e0 di&nbsp;Padova, Vicenza, Treviso, Verona,&nbsp;una delle citt\u00e0 pi\u00f9 belle e romantiche d\u2019Italia. Passeggiando per queste localit\u00e0 potrete perdervi tra vicoli e piazzette, attraversando secoli di storia, ammirando&nbsp;dimore storiche,&nbsp;chiese&nbsp;e palazzi.<\/p>\n                    <\/div>\n                  <\/div>\n                <\/div>\n              <\/div>\n            <\/div>\n          <\/div>\n        <\/div>\n        <div class=\"u-carousel-item u-clearfix u-section-7-4\">\n          <div class=\"u-clearfix u-sheet u-sheet-1\">\n            <div class=\"u-clearfix u-expanded-width u-gutter-10 u-layout-wrap u-layout-wrap-1\">\n              <div class=\"u-layout\" style=\"\">\n                <div class=\"u-layout-row\" style=\"\">\n                  <div class=\"u-align-left u-container-style u-image u-layout-cell u-left-cell u-size-30 u-size-xs-60 u-image-1\" src=\"\" data-image-width=\"1280\" data-image-height=\"720\" style=\"background-image: url(&quot;https:\/\/hotelkaribe.it\/wp-content\/uploads\/2022\/05\/Isole-della-laguna-di-Venezia-1280x720-1.jpg&quot;);\">\n                    <div class=\"u-container-layout u-valign-middle u-container-layout-1\" src=\"\"><\/div>\n                  <\/div>\n                  <div class=\"u-align-left u-container-style u-layout-cell u-right-cell u-size-30 u-size-xs-60 u-white u-layout-cell-2\">\n                    <div class=\"u-container-layout u-container-layout-2\">\n                      <h2 class=\"u-custom-font u-font-oswald u-text u-text-1\">VENEZIA E LE SUE ISOLE<\/h2>\n                      <p class=\"u-text u-text-2\"> Non lasciate Bibione prima di aver visitato&nbsp;Venezia&nbsp;e le famose&nbsp;isole della Laguna, conosciute in tutto il mondo per la storia, l\u2019artigianato e gli scorci pittorici:&nbsp;Murano, Burano, Torcello.<\/p>\n                    <\/div>\n                  <\/div>\n                <\/div>\n              <\/div>\n            <\/div>\n          <\/div>\n        <\/div>\n      <\/div>\n      <a class=\"u-absolute-vcenter u-carousel-control u-carousel-control-prev u-text-body-color u-block-9e2f-3\" href=\"#carousel_63c7\" role=\"button\" data-u-slide=\"prev\">\n        <span aria-hidden=\"true\">\n          <svg viewBox=\"0 0 256 256\"><g><polygon points=\"207.093,30.187 176.907,0 48.907,128 176.907,256 207.093,225.813 109.28,128\"><\/polygon>\n<\/g><\/svg>\n        <\/span>\n        <span class=\"sr-only\">\n          <svg viewBox=\"0 0 256 256\"><g><polygon points=\"207.093,30.187 176.907,0 48.907,128 176.907,256 207.093,225.813 109.28,128\"><\/polygon>\n<\/g><\/svg>\n        <\/span>\n      <\/a>\n      <a class=\"u-absolute-vcenter u-carousel-control u-carousel-control-next u-text-body-color u-block-9e2f-4\" href=\"#carousel_63c7\" role=\"button\" data-u-slide=\"next\">\n        <span aria-hidden=\"true\">\n          <svg viewBox=\"0 0 306 306\"><g id=\"chevron-right\"><polygon points=\"94.35,0 58.65,35.7 175.95,153 58.65,270.3 94.35,306 247.35,153\"><\/polygon>\n<\/g><\/svg>\n        <\/span>\n        <span class=\"sr-only\">\n          <svg viewBox=\"0 0 306 306\"><g id=\"chevron-right\"><polygon points=\"94.35,0 58.65,35.7 175.95,153 58.65,270.3 94.35,306 247.35,153\"><\/polygon>\n<\/g><\/svg>\n        <\/span>\n      <\/a>\n    <\/section>\n    \n    \n    \n  \n","protected":false},"excerpt":{"rendered":"<p>NEL CUORE DI BIBIONE Hotel Karibe HOTEL KARIBE Dintorni Bibione&nbsp;\u00e8 sinonimo di lunghe&nbsp;spiagge dorate,&nbsp;mare pulito,&nbsp;verdi pinete, ed ecco perch\u00e9 da molti anni questa localit\u00e0 balneare \u00e8&nbsp;Bandiera Blu Europea.La citt\u00e0 \u00e8 la meta ideale per trascorrere momenti di&nbsp;svago&nbsp;e&nbsp;relax, offre infatti locali e attivit\u00e0 per tutte le et\u00e0 e tutti i gusti, senza dimenticare che a pochi &hellip; <a href=\"https:\/\/hotelkaribe.it\/?page_id=1858\" class=\"more-link\">Continue reading<span class=\"screen-reader-text\"> &#8220;Dintorni&#8221;<\/span><\/a><\/p>\n","protected":false},"author":1,"featured_media":0,"parent":0,"menu_order":6,"comment_status":"closed","ping_status":"closed","template":"","meta":[],"_links":{"self":[{"href":"https:\/\/hotelkaribe.it\/index.php?rest_route=\/wp\/v2\/pages\/1858"}],"collection":[{"href":"https:\/\/hotelkaribe.it\/index.php?rest_route=\/wp\/v2\/pages"}],"about":[{"href":"https:\/\/hotelkaribe.it\/index.php?rest_route=\/wp\/v2\/types\/page"}],"author":[{"embeddable":true,"href":"https:\/\/hotelkaribe.it\/index.php?rest_route=\/wp\/v2\/users\/1"}],"replies":[{"embeddable":true,"href":"https:\/\/hotelkaribe.it\/index.php?rest_route=%2Fwp%2Fv2%2Fcomments&post=1858"}],"version-history":[{"count":2,"href":"https:\/\/hotelkaribe.it\/index.php?rest_route=\/wp\/v2\/pages\/1858\/revisions"}],"predecessor-version":[{"id":1887,"href":"https:\/\/hotelkaribe.it\/index.php?rest_route=\/wp\/v2\/pages\/1858\/revisions\/1887"}],"wp:attachment":[{"href":"https:\/\/hotelkaribe.it\/index.php?rest_route=%2Fwp%2Fv2%2Fmedia&parent=1858"}],"curies":[{"name":"wp","href":"https:\/\/api.w.org\/{rel}","templated":true}]}}